{"id":63,"date":"2016-06-10T20:52:40","date_gmt":"2016-06-10T20:52:40","guid":{"rendered":"https:\/\/gaiatreviso.it\/it\/?page_id=63"},"modified":"2023-01-24T21:38:04","modified_gmt":"2023-01-24T21:38:04","slug":"privacy-policy-e-cookie-policy","status":"publish","type":"page","link":"https:\/\/gaiatreviso.it\/it\/privacy-policy-e-cookie-policy\/","title":{"rendered":"Privacy policy"},"content":{"rendered":"<h2>Privacy policy e Cookie policy : informazioni<\/h2>\n<p>Gentile Cliente la preghiamo di leggere attentamente la nostra politica di trattamento dei dati personali nel caso in cui lei decida di fare acquisti o comunque di navigare all\u2019interno di questo sito internet riconducibile alla scrivente societ\u00e0 Gaia S.r.l..<\/p>\n<p>L\u2019informativa \u00e8 resa anche ai sensi del Regolamento UE 2016\/679 e dell\u2019art 30 del D.Lgs. 196\/03 relativo al \u201cCodice in materia di protezione dei dati personali\u201d ed \u00e8 valida solamente per il presente sito e non per altri siti web presenti sotto forma di link all\u2019interno delle pagine web. I dati personali liberamente conferiti saranno conservati il tempo necessario all\u2019esecuzione delle richieste, per le finalit\u00e0 per cui sono stati raccolti e successivamente trattati, e in ogni caso, entro i limiti dettati dalla legge. I dati sensibili non saranno ceduti a terzi (esterni alla transazione) senza l\u2019espresso consenso del titolare, salvi gli obblighi di legge.<\/p>\n<div class=\"wpb_wrapper\">\n<h2>Uso dei cookie<\/h2>\n<p>Il sito di Gaia S.r.l. (C.F. &#8211; P.IVA 04581600279) a questo indirizzo web (d&#8217;ora in poi considerato per brevit\u00e0 \u201cil Sito\u201d) qualora necessario ha previsto l&#8217;utilizzo di Cookie per rendere i propri servizi semplici e efficienti per l\u2019utenza che visiona le pagine. Gli utenti che visionano il Sito, potrebbero veder inserite delle <strong>quantit\u00e0 minime di informazioni<\/strong> nei dispositivi in uso, che siano computer e periferiche mobili, in piccoli file di testo denominati \u201ccookie\u201d salvati nelle directory utilizzate dal browser web dell\u2019Utente. Disabilitando i cookie alcuni dei nostri servizi potrebbero non funzionare correttamente e alcune pagine potrebbero non essere visualizzate correttamente. Vi sono <strong>vari tipi di cookie<\/strong>, alcuni per rendere pi\u00f9 efficace l\u2019uso del Sito, altri per abilitare determinate funzionalit\u00e0. Analizzandoli in maniera particolareggiata i cookie utilizzati permettono di:<\/p>\n<ul>\n<li>memorizzare le preferenze inserite<\/li>\n<li>evitare di reinserire le stesse informazioni pi\u00f9 volte durante la visita (ad esempio nome utente e password, laddove richieste &#8211; opzione attiva a discrezione dell&#8217;utente nel prorpio browser)<\/li>\n<li>analizzare l\u2019utilizzo dei servizi e dei contenuti forniti dal Sito per ottimizzarne l\u2019esperienza di navigazione e i servizi offerti (in forma anonima)<\/li>\n<\/ul>\n<h2><\/h2>\n<h2>Tipologie di Cookie utilizzati dal Sito e finalit\u00e0 specifiche<\/h2>\n<h3><\/h3>\n<h3>Cookie Tecnici<\/h3>\n<p>Questa tipologia di cookie \u00e8 strettamente necessaria al <strong>corretto funzionamento di alcune sezioni del Sito<\/strong>. Sono di due categorie: persistenti e di sessione:<\/p>\n<ul>\n<li><strong>persistenti<\/strong>: una volta chiuso il browser non vengono distrutti ma rimangono fino ad una data di scadenza preimpostata<\/li>\n<li><strong>di sessioni<\/strong>: vengono distrutti ogni volta che il browser viene chiuso<\/li>\n<\/ul>\n<p>Questi cookie, inviati sempre dal nostro dominio, <strong>sono necessari a visualizzare correttamente il sito<\/strong> e in relazione ai servizi tecnici offerti, verranno quindi <strong>sempre utilizzati e inviati<\/strong>, a meno che l\u2019utenza non modifichi le impostazioni nel proprio browser (inficiando cos\u00ec la visualizzazione delle pagine del sito).<\/p>\n<h3>Cookie analitici<\/h3>\n<p>I cookie in questa categoria vengono utilizzati per <strong>collezionare informazioni sull\u2019uso del sito<\/strong>. Il Sito utilizzer\u00e0 queste informazioni in merito ad <strong>analisi statistiche anonime<\/strong> al fine di migliorare la navigazione e per rendere i contenuti pi\u00f9 interessanti e attinenti ai desideri dell\u2019utenza. Questa tipologia di cookie raccoglie dati in <strong>forma anonima<\/strong> sull\u2019attivit\u00e0 dell\u2019utenza e su come \u00e8 arrivata sul Sito. I cookie analitici sono inviati dal Sito Stesso o da domini di terze parti.<\/p>\n<h3>Cookie di analisi di servizi di terze parti<\/h3>\n<p>Questi cookie sono utilizzati al fine di raccogliere informazioni sull\u2019<strong>uso del Sito<\/strong> da parte degli utenti in <strong>forma anonima<\/strong> quali: pagine visitate, tempo di permanenza, origini del traffico di provenienza, provenienza geografica, et\u00e0, genere e interessi ai fini di campagne di marketing. Questi cookie sono inviati da domini di terze parti esterni al Sito.<\/p>\n<h3>Cookie per integrare prodotti e funzioni di software di terze parti<\/h3>\n<p>Questa tipologia di cookie <strong>integra funzionalit\u00e0 sviluppate da terzi<\/strong> all\u2019interno delle pagine del Sito come le icone e le preferenze espresse nei social network al fine di condivisione dei contenuti del sito o per l\u2019uso di servizi software di terze parti (come i software per generare le mappe e ulteriori software che offrono servizi aggiuntivi). Questi cookie sono inviati da <strong>domini di terze parti<\/strong> e da <strong>siti partner<\/strong> che offrono le loro funzionalit\u00e0 tra le pagine del Sito.<\/p>\n<h3>Cookie di profilazione<\/h3>\n<p>Sono quei cookie necessari a creare profili utenti al fine di inviare messaggi pubblicitari in linea con le preferenze manifestate dall\u2019utente all\u2019interno delle pagine del Sito. In questo Sito non vengono al momento utilizzati cookie di profilazione.<\/p>\n<hr \/>\n<p>Secondo la normativa vigente per l\u2019utilizzo di <strong>cookie tecnici non \u00e8 necessari alcuna autorizzazione da parte dell\u2019utente<\/strong>, in quanto necessari a fornire i servizi richiesti. Per tutte le altre tipologie di cookie il consenso pu\u00f2 essere espresso dall\u2019Utente con una o pi\u00f9 di una delle seguenti modalit\u00e0:<\/p>\n<ul>\n<li><strong>Mediante specifiche configurazioni del browser<\/strong> utilizzato o dei relativi programmi informatici utilizzati per navigare le pagine che compongono il Sito.<\/li>\n<li><strong>Mediante modifica delle impostazioni<\/strong> nell\u2019uso dei servizi di terze parti<\/li>\n<\/ul>\n<p>Entrambe queste soluzioni potrebbero impedire all\u2019utente di utilizzare o visualizzare parti del Sito. \u00a0 <strong>Siti Web e servizi di terze parti<\/strong> Il Sito potrebbe contenere collegamenti ad altri siti Web che dispongono di una propria informativa sulla privacy che pu\u00f2 essere\u00a0 diverse da quella adottata da questo sito e che che quindi <strong>non ne risponde<\/strong>.<\/p>\n<\/div>\n<h4><\/h4>\n<h4>Gestione dei cookie<\/h4>\n<p class=\"chapter-paragraph\">Nel caso in cui sorgano abbia dubbi o preoccupazioni in merito all\u2019utilizzo dei cookie \u00e8 sempre possibile intervenire per impedirne l\u2019impostazione e la lettura, ad esempio modificando le impostazioni sulla privacy all\u2019interno del browser al fine di bloccarne determinati tipi o utilizzando tool specifici liberamente disponibili.<\/p>\n<p class=\"chapter-paragraph\">Quale utile informazione elenchiamo quelli principalmente utilizzabili per la gestione dei cookie di questo sito :<\/p>\n<p>Google : <a href=\"http:\/\/www.google.com\/ads\/preferences\/?hl=it\" target=\"_blank\" rel=\"noopener\">http:\/\/www.google.com\/ads\/preferences\/?hl=it<\/a><\/p>\n<p>Facebook : <a href=\"https:\/\/www.facebook.com\/help\/cookies?ref_type=sitefooter\" target=\"_blank\" rel=\"noopener\">https:\/\/www.facebook.com\/help\/cookies?ref_type=sitefooter<\/a><\/p>\n<p>Twitter : <a href=\"https:\/\/support.twitter.com\/articles\/20170519-uso-dei-cookie-e-di-altre-tecnologie-simili-da-parte-di-twitter#\" target=\"_blank\" rel=\"noopener\">https:\/\/support.twitter.com\/articles\/20170519-uso-dei-cookie-e-di-altre-tecnologie-simili-da-parte-di-twitter#<\/a><\/p>\n<p>Disabilitazione di Google Analitycs : <a href=\"https:\/\/tools.google.com\/dlpage\/gaoptout\/\" target=\"_blank\" rel=\"noopener\">https:\/\/tools.google.com\/dlpage\/gaoptout\/<\/a><\/p>\n<p>Poich\u00e9 ciascun browser \u2013 e spesso diverse versioni dello stesso browser \u2013 differiscono anche sensibilmente le une dalle altre, qualora si preferisca agire autonomamente mediante le preferenze del browser si possono trovare informazioni dettagliate sulle procedure necessarie nella guida del browser stesso.<\/p>\n<p>Per una panoramica delle modalit\u00e0 di azione per i browser pi\u00f9 comuni, pu\u00f2 visitare l\u2019indirizzo<\/p>\n<p><a href=\"http:\/\/www.cookiepedia.co.uk\/index.php?title=How_to_Manage_Cookies\" target=\"_blank\" rel=\"noopener\">http:\/\/www.cookiepedia.co.uk\/index.php?title=How_to_Manage_Cookies<\/a><\/p>\n<h2>TITOLARE DEL TRATTAMENTO<\/h2>\n<p>Il titolare del trattamento dei dati personali \u00e8 la societ\u00e0 Gaia s.r.l. (C.F. e P.IVA 04581600279) Per ogni informazione aggiuntiva che si desidera ottenere il navigatore di questo sito pu\u00f2 scrivere all\u2019indirizzo e-mail a amministrazione@gaia.veneto.it, pu\u00f2 inviare richieste direttamente presso l\u2019indirizzo della Sede operativa, oppure contattare il numero di telefono 0422 470048 come meglio dettagliato nella label &#8220;diritti dell&#8217;utente&#8221; di questo box informativo.<\/p>\n<h2>FINALITA\u2019 DEL TRATTAMENTO<\/h2>\n<p>Per la navigazione ordinaria del sito non \u00e8 richiesto all&#8217;utente di fornire alcun dato. Per poter invce effettuare ordini nel sito, qualora sia stata attivata tale possibilit\u00e0, il navigatore (cliente) dovr\u00e0 necessariamente fornire dei dati obbligatori (che saranno indicati da un asterisco *). Tali dati sono fondamentali per processare l\u2019ordine. La trasmissione di dati aggiuntivi, diversi da quelli contrassegnati dall\u2019asterisco, \u00e8 facoltativa e non comporta conseguenza diversa da quelle che riguardano la finalit\u00e0 principale della raccolta delle informazioni. All\u2019utente ogni qualvolta verr\u00e0 chiesto di fornire dei dati personali verr\u00e0 sottoposta l\u2019informativa della privacy se rilevante. Generalmente le informazioni personali sono richieste per la corretta evasione dell\u2019ordine, per la sottoscrizione alla ricezione della newsletter, per la comunicazione di eventuali promozioni in atto, per la richiesta di informazioni commerciali o tecniche, per contattare il nostro Servizio Clienti o altre attivit\u00e0 di interesse dell&#8217;utente.<\/p>\n<h2>DIRITTI DELL\u2019UTENTE<\/h2>\n<p>Il Cliente ha diritto in qualsiasi momento di chiedere la rettifica, la cancellazione, e l\u2019aggiornamento dei propri dati personali. L&#8217;utente ha diritto, inoltre a richiedere informazioni circa l&#8217;origine dei dati personali, le finalit\u00e0 e il trattamento dei dati personali e la modalit\u00e0 con cui vengono trattati attraverso l&#8217;utilizzo di strumenti elettronici. Inoltre pu\u00f2 chiedere informazioni circa il responsabile del trattamento e suoi enti terzi ai quali i dati possono essere comunicati nel rispetto della normativa vigente.<\/p>\n<p>I diritti di cui sopra posso essere esercitati senza formalit\u00e0 di sorta interpellando i<\/p>\n<p>RESPONSABILE DEL TRATTAMENTO DEI DATI :<\/p>\n<p>Gaia S.r.l. &#8211; C.F., P.IVA 04581600279<br \/>\nIndirizzi e recapiti ulteriori nella sezione Contatti di questo sito<\/p>\n<p>mail di riferimento : amministrazione@gaia.veneto.it<\/p>\n<div class=\"et-pb-modal-bottom-container\">\n<h2>GESTIONE AUTORIZZAZIONE COOKIE (REVOCA)<\/h2>\n<p>Conformemente al disposto del Regolamento UE 2016\/679 l\u2019utente ha il diritto di provvedere in autonomia tramite idonei strumenti alla limitazione selettiva dell\u2019utilizzo dei Cookie durante l\u2019esperienza di navigazione.<\/p>\n<p>Tale diritto pu\u00f2 essere esercitato tramite le funzionalit\u00e0 del proprio browser oppure collegandosi a questo link ed avvalendosi del relativo servizio (ad oggi gratuito) con cui si potranno personalizzare le proprie scelte:<b>\u00a0<a href=\"http:\/\/www.youronlinechoices.com\/it\/le-tue-scelte\">http:\/\/www.youronlinechoices.com\/it\/le-tue-scelte<\/a><\/b><\/p>\n<\/div>\n<h2>STATISTICHE DEL SITO WEB E COOKIES<\/h2>\n<p>Il sito web http:\/\/www.gaia.veneto.it \u00e8 monitorato da un sistema di statistiche che consente di verificare gli accessi al sito. Questo sistema trattiene dati anonimi che non vengono ceduti a terzi e ovviamente non sono oggetto di diffusone. Il sito utilizza i cookies, che memorizzano nel disco fisso del PC delle informazioni per il browser e consentono di ricordare i parametri di alcune ricerche effettuate con lo scopo di velocizzare le ricerche successive. I cookies possono essere eliminati dal disco fisso del PC ogni volta che si desidera, e si pu\u00f2 scegliere di navigare senza di essi , il che non implica il malfunzionamento del sito per quanto, in alcuni casi, potrebbe limitare la miglior esperienza di navigazione. I cookies utilizzati non contengono alcuna informazione di carattere personale. Maggiori dettagli sull&#8217;argomento sono reperibili nella label specifica di questo stesso box informativo.<\/p>\n","protected":false},"excerpt":{"rendered":"<p>Privacy policy e Cookie policy : informazioni Gentile Cliente la preghiamo di leggere attentamente la nostra politica di trattamento dei dati personali nel caso in cui lei decida di fare acquisti o comunque di navigare all\u2019interno di questo sito internet riconducibile alla scrivente societ\u00e0 Gaia S.r.l.. L\u2019informativa \u00e8 resa anche ai sensi del Regolamento UE [&hellip;]<\/p>\n","protected":false},"author":1,"featured_media":0,"parent":0,"menu_order":0,"comment_status":"closed","ping_status":"closed","template":"","meta":{"footnotes":""},"class_list":["post-63","page","type-page","status-publish","hentry"],"yoast_head":"<!-- This site is optimized with the Yoast SEO plugin v25.3.1 - https:\/\/yoast.com\/wordpress\/plugins\/seo\/ -->\n<title>Privacy policy - \u00a9 Gaia S.r.l. - Impianti elettrici civili ed industriali -<\/title>\n<meta name=\"robots\" content=\"index, follow, max-snippet:-1, max-image-preview:large, max-video-preview:-1\" \/>\n<link rel=\"canonical\" href=\"https:\/\/gaiatreviso.it\/it\/privacy-policy-e-cookie-policy\/\" \/>\n<meta property=\"og:locale\" content=\"it_IT\" \/>\n<meta property=\"og:type\" content=\"article\" \/>\n<meta property=\"og:title\" content=\"Privacy policy - \u00a9 Gaia S.r.l. - Impianti elettrici civili ed industriali -\" \/>\n<meta property=\"og:description\" content=\"Privacy policy e Cookie policy : informazioni Gentile Cliente la preghiamo di leggere attentamente la nostra politica di trattamento dei dati personali nel caso in cui lei decida di fare acquisti o comunque di navigare all\u2019interno di questo sito internet riconducibile alla scrivente societ\u00e0 Gaia S.r.l.. L\u2019informativa \u00e8 resa anche ai sensi del Regolamento UE [&hellip;]\" \/>\n<meta property=\"og:url\" content=\"https:\/\/gaiatreviso.it\/it\/privacy-policy-e-cookie-policy\/\" \/>\n<meta property=\"og:site_name\" content=\"\u00a9 Gaia S.r.l. - Impianti elettrici civili ed industriali -\" \/>\n<meta property=\"article:modified_time\" content=\"2023-01-24T21:38:04+00:00\" \/>\n<meta name=\"twitter:card\" content=\"summary_large_image\" \/>\n<meta name=\"twitter:label1\" content=\"Tempo di lettura stimato\" \/>\n\t<meta name=\"twitter:data1\" content=\"8 minuti\" \/>\n<script type=\"application\/ld+json\" class=\"yoast-schema-graph\">{\"@context\":\"https:\/\/schema.org\",\"@graph\":[{\"@type\":\"WebPage\",\"@id\":\"https:\/\/gaiatreviso.it\/it\/privacy-policy-e-cookie-policy\/\",\"url\":\"https:\/\/gaiatreviso.it\/it\/privacy-policy-e-cookie-policy\/\",\"name\":\"Privacy policy - \u00a9 Gaia S.r.l. - Impianti elettrici civili ed industriali -\",\"isPartOf\":{\"@id\":\"https:\/\/gaiatreviso.it\/it\/#website\"},\"datePublished\":\"2016-06-10T20:52:40+00:00\",\"dateModified\":\"2023-01-24T21:38:04+00:00\",\"breadcrumb\":{\"@id\":\"https:\/\/gaiatreviso.it\/it\/privacy-policy-e-cookie-policy\/#breadcrumb\"},\"inLanguage\":\"it-IT\",\"potentialAction\":[{\"@type\":\"ReadAction\",\"target\":[\"https:\/\/gaiatreviso.it\/it\/privacy-policy-e-cookie-policy\/\"]}]},{\"@type\":\"BreadcrumbList\",\"@id\":\"https:\/\/gaiatreviso.it\/it\/privacy-policy-e-cookie-policy\/#breadcrumb\",\"itemListElement\":[{\"@type\":\"ListItem\",\"position\":1,\"name\":\"Home\",\"item\":\"https:\/\/gaiatreviso.it\/it\/\"},{\"@type\":\"ListItem\",\"position\":2,\"name\":\"Privacy policy\"}]},{\"@type\":\"WebSite\",\"@id\":\"https:\/\/gaiatreviso.it\/it\/#website\",\"url\":\"https:\/\/gaiatreviso.it\/it\/\",\"name\":\"\u00a9 Gaia S.r.l. - Impianti elettrici civili ed industriali -\",\"description\":\"\",\"publisher\":{\"@id\":\"https:\/\/gaiatreviso.it\/it\/#organization\"},\"potentialAction\":[{\"@type\":\"SearchAction\",\"target\":{\"@type\":\"EntryPoint\",\"urlTemplate\":\"https:\/\/gaiatreviso.it\/it\/?s={search_term_string}\"},\"query-input\":{\"@type\":\"PropertyValueSpecification\",\"valueRequired\":true,\"valueName\":\"search_term_string\"}}],\"inLanguage\":\"it-IT\"},{\"@type\":\"Organization\",\"@id\":\"https:\/\/gaiatreviso.it\/it\/#organization\",\"name\":\"Gaia S.r.l.\",\"url\":\"https:\/\/gaiatreviso.it\/it\/\",\"logo\":{\"@type\":\"ImageObject\",\"inLanguage\":\"it-IT\",\"@id\":\"https:\/\/gaiatreviso.it\/it\/#\/schema\/logo\/image\/\",\"url\":\"https:\/\/gaiatreviso.it\/it\/wp-content\/uploads\/2023\/01\/400JpgdpiLogoCropped.jpg\",\"contentUrl\":\"https:\/\/gaiatreviso.it\/it\/wp-content\/uploads\/2023\/01\/400JpgdpiLogoCropped.jpg\",\"width\":1105,\"height\":482,\"caption\":\"Gaia S.r.l.\"},\"image\":{\"@id\":\"https:\/\/gaiatreviso.it\/it\/#\/schema\/logo\/image\/\"}}]}<\/script>\n<!-- \/ Yoast SEO plugin. -->","yoast_head_json":{"title":"Privacy policy - \u00a9 Gaia S.r.l. - Impianti elettrici civili ed industriali -","robots":{"index":"index","follow":"follow","max-snippet":"max-snippet:-1","max-image-preview":"max-image-preview:large","max-video-preview":"max-video-preview:-1"},"canonical":"https:\/\/gaiatreviso.it\/it\/privacy-policy-e-cookie-policy\/","og_locale":"it_IT","og_type":"article","og_title":"Privacy policy - \u00a9 Gaia S.r.l. - Impianti elettrici civili ed industriali -","og_description":"Privacy policy e Cookie policy : informazioni Gentile Cliente la preghiamo di leggere attentamente la nostra politica di trattamento dei dati personali nel caso in cui lei decida di fare acquisti o comunque di navigare all\u2019interno di questo sito internet riconducibile alla scrivente societ\u00e0 Gaia S.r.l.. L\u2019informativa \u00e8 resa anche ai sensi del Regolamento UE [&hellip;]","og_url":"https:\/\/gaiatreviso.it\/it\/privacy-policy-e-cookie-policy\/","og_site_name":"\u00a9 Gaia S.r.l. - Impianti elettrici civili ed industriali -","article_modified_time":"2023-01-24T21:38:04+00:00","twitter_card":"summary_large_image","twitter_misc":{"Tempo di lettura stimato":"8 minuti"},"schema":{"@context":"https:\/\/schema.org","@graph":[{"@type":"WebPage","@id":"https:\/\/gaiatreviso.it\/it\/privacy-policy-e-cookie-policy\/","url":"https:\/\/gaiatreviso.it\/it\/privacy-policy-e-cookie-policy\/","name":"Privacy policy - \u00a9 Gaia S.r.l. - Impianti elettrici civili ed industriali -","isPartOf":{"@id":"https:\/\/gaiatreviso.it\/it\/#website"},"datePublished":"2016-06-10T20:52:40+00:00","dateModified":"2023-01-24T21:38:04+00:00","breadcrumb":{"@id":"https:\/\/gaiatreviso.it\/it\/privacy-policy-e-cookie-policy\/#breadcrumb"},"inLanguage":"it-IT","potentialAction":[{"@type":"ReadAction","target":["https:\/\/gaiatreviso.it\/it\/privacy-policy-e-cookie-policy\/"]}]},{"@type":"BreadcrumbList","@id":"https:\/\/gaiatreviso.it\/it\/privacy-policy-e-cookie-policy\/#breadcrumb","itemListElement":[{"@type":"ListItem","position":1,"name":"Home","item":"https:\/\/gaiatreviso.it\/it\/"},{"@type":"ListItem","position":2,"name":"Privacy policy"}]},{"@type":"WebSite","@id":"https:\/\/gaiatreviso.it\/it\/#website","url":"https:\/\/gaiatreviso.it\/it\/","name":"\u00a9 Gaia S.r.l. - Impianti elettrici civili ed industriali -","description":"","publisher":{"@id":"https:\/\/gaiatreviso.it\/it\/#organization"},"potentialAction":[{"@type":"SearchAction","target":{"@type":"EntryPoint","urlTemplate":"https:\/\/gaiatreviso.it\/it\/?s={search_term_string}"},"query-input":{"@type":"PropertyValueSpecification","valueRequired":true,"valueName":"search_term_string"}}],"inLanguage":"it-IT"},{"@type":"Organization","@id":"https:\/\/gaiatreviso.it\/it\/#organization","name":"Gaia S.r.l.","url":"https:\/\/gaiatreviso.it\/it\/","logo":{"@type":"ImageObject","inLanguage":"it-IT","@id":"https:\/\/gaiatreviso.it\/it\/#\/schema\/logo\/image\/","url":"https:\/\/gaiatreviso.it\/it\/wp-content\/uploads\/2023\/01\/400JpgdpiLogoCropped.jpg","contentUrl":"https:\/\/gaiatreviso.it\/it\/wp-content\/uploads\/2023\/01\/400JpgdpiLogoCropped.jpg","width":1105,"height":482,"caption":"Gaia S.r.l."},"image":{"@id":"https:\/\/gaiatreviso.it\/it\/#\/schema\/logo\/image\/"}}]}},"_links":{"self":[{"href":"https:\/\/gaiatreviso.it\/it\/wp-json\/wp\/v2\/pages\/63","targetHints":{"allow":["GET"]}}],"collection":[{"href":"https:\/\/gaiatreviso.it\/it\/wp-json\/wp\/v2\/pages"}],"about":[{"href":"https:\/\/gaiatreviso.it\/it\/wp-json\/wp\/v2\/types\/page"}],"author":[{"embeddable":true,"href":"https:\/\/gaiatreviso.it\/it\/wp-json\/wp\/v2\/users\/1"}],"replies":[{"embeddable":true,"href":"https:\/\/gaiatreviso.it\/it\/wp-json\/wp\/v2\/comments?post=63"}],"version-history":[{"count":15,"href":"https:\/\/gaiatreviso.it\/it\/wp-json\/wp\/v2\/pages\/63\/revisions"}],"predecessor-version":[{"id":8763,"href":"https:\/\/gaiatreviso.it\/it\/wp-json\/wp\/v2\/pages\/63\/revisions\/8763"}],"wp:attachment":[{"href":"https:\/\/gaiatreviso.it\/it\/wp-json\/wp\/v2\/media?parent=63"}],"curies":[{"name":"wp","href":"https:\/\/api.w.org\/{rel}","templated":true}]}}