{"id":8610,"date":"2023-01-20T18:03:57","date_gmt":"2023-01-20T18:03:57","guid":{"rendered":"https:\/\/gaiatreviso.it\/it\/?page_id=8610"},"modified":"2023-01-21T17:12:16","modified_gmt":"2023-01-21T17:12:16","slug":"servizi","status":"publish","type":"page","link":"https:\/\/gaiatreviso.it\/it\/servizi\/","title":{"rendered":"Servizi"},"content":{"rendered":"\t\t<div data-elementor-type=\"wp-page\" data-elementor-id=\"8610\" class=\"elementor elementor-8610\">\n\t\t\t\t\t\t<section class=\"elementor-section elementor-top-section elementor-element elementor-element-6777915f elementor-section-boxed elementor-section-height-default elementor-section-height-default\" data-id=\"6777915f\" data-element_type=\"section\" data-settings=\"{&quot;background_background&quot;:&quot;classic&quot;}\">\n\t\t\t\t\t\t\t<div class=\"elementor-background-overlay\"><\/div>\n\t\t\t\t\t\t\t<div class=\"elementor-container elementor-column-gap-no\">\n\t\t\t\t\t<div class=\"elementor-column elementor-col-100 elementor-top-column elementor-element elementor-element-51e32a74\" data-id=\"51e32a74\" data-element_type=\"column\">\n\t\t\t<div class=\"elementor-widget-wrap elementor-element-populated\">\n\t\t\t\t\t\t<div class=\"elementor-element elementor-element-682dbddd elementor-widget elementor-widget-auntri_elementor_heading\" data-id=\"682dbddd\" data-element_type=\"widget\" data-widget_type=\"auntri_elementor_heading.default\">\n\t\t\t\t<div class=\"elementor-widget-container\">\n\t\t\t\t\t\n\t\t<div class=\"ova-title\">\n\n\t\t\t\t\t\t\t<h3 class=\"sub-title\">Un modello operativo semplice ed efficace<\/h3>\n\t\t\t\n\t\t\t\t\t\t\t\n\t\t\t\t\t\t\t\t\t<div class=\"box-title\">\n\t\t\t\t\t\t<div class=\"line-top\"><\/div>\n\t\t\t\t\n\t\t\t\t\t\n\t\t\t\t\t\t<h2 class=\"title\">Un servizio completo in 3 fasi<\/h2>\n\n\t\t\t\t\t\n\t\t\t\t\t\t\t\t\t<\/div>\n\t\t\t\t\n\t\t\t\n\t\t\t\t\t\t\t<p class=\"description\">La Societ\u00e0  \u00e8 in grado di realizzare non solo la fornitura ed installazione di ogni tipologia di impianto elettrico ma garantisce anche un servizio propedeutico di progettazione e attivando, ad opera compiuta, i necessari step di manutenzione post-installazione : una copertura a 360 gradi delle necessit\u00e0 del cliente, sia esso privato, pubblico o istituzionale.<\/p>\n\t\t\t\n\t\t<\/div>\n\t\t \t\n\t\t\t\t\t\t<\/div>\n\t\t\t\t<\/div>\n\t\t\t\t<div class=\"elementor-element elementor-element-552e52c4 elementor-widget elementor-widget-auntri_elementor_ova_icon_box\" data-id=\"552e52c4\" data-element_type=\"widget\" data-widget_type=\"auntri_elementor_ova_icon_box.default\">\n\t\t\t\t<div class=\"elementor-widget-container\">\n\t\t\t\t\t            \n\t\t\t\n\t \t    <div class=\"ova-icon-box ova-icon-box-template3 \">\n\n\t \t    \t\n                \n\t            \n\t\t\t\t\t            \t<div class=\"icon\">\n\t            \t\t\t            \t\t\t<div class=\"text-number\">\n\t\t\t\t\t\t\t    01\t\t\t            \t<\/div>\n\t            \t\t\n\t            \t\t<i aria-hidden=\"true\" class=\"flaticon flaticon-sketch\"><\/i>\t            \t<\/div>\n\t            \t<div class=\"box-title-desc\">\n\t            \n\t            \n            \t\n\t            \t\t            \t\t\t\t\t\t<h4 class=\"title\">\n\t\t\t\t\t\t\tProgettazione\t\t\t\t\t\t<\/h4>\n\t\t\t\t\t\t\t\t\t\n\t\t\t\t\t\t\t\t\t<p class=\"description\">\n\t\t\t\t\t\tUna progettazione attenta eseguita da professionisti preparati e aggiornati \u00e8 essenziale per poter garantire tempi e costi certi in tutte le fasi successive della realizzazione degli impianti. Gaia S.r.l. investe costantemente in questa direzione e la sempre rinnovata fiducia dimostrata dalla clientela \u00e8 il miglior riscontro di ci\u00f2.\n\t\t\t\t\t<\/p>\n\t\t\t\t\n\t\t\t\t\n\t\t\t\t            \t\t<\/div>\n\t\t\t\t\n\t\t\t\t\t\t\t\t\t\t\t\t \t\t\t    <\/div>\t \n\t\t        \n\n\t\t\t\t\t\t<\/div>\n\t\t\t\t<\/div>\n\t\t\t\t<div class=\"elementor-element elementor-element-4300430 elementor-widget elementor-widget-auntri_elementor_ova_icon_box\" data-id=\"4300430\" data-element_type=\"widget\" data-widget_type=\"auntri_elementor_ova_icon_box.default\">\n\t\t\t\t<div class=\"elementor-widget-container\">\n\t\t\t\t\t            \n\t\t\t\n\t \t    <div class=\"ova-icon-box ova-icon-box-template3 \">\n\n\t \t    \t\n                \n\t            \n\t\t\t\t\t            \t<div class=\"icon\">\n\t            \t\t\t            \t\t\t<div class=\"text-number\">\n\t\t\t\t\t\t\t    02\t\t\t            \t<\/div>\n\t            \t\t\n\t            \t\t<i aria-hidden=\"true\" class=\"flaticon flaticon-setting\"><\/i>\t            \t<\/div>\n\t            \t<div class=\"box-title-desc\">\n\t            \n\t            \n            \t\n\t            \t\t            \t\t\t\t\t\t<h4 class=\"title\">\n\t\t\t\t\t\t\tInstallazione\t\t\t\t\t\t<\/h4>\n\t\t\t\t\t\t\t\t\t\n\t\t\t\t\t\t\t\t\t<p class=\"description\">\n\t\t\t\t\t\tSe la miglior progettazione di un impianto \u00e8 la prima solida pietra su cui basare un\u2019incrollabile costruzione, l\u2019installazione \u00e8 il miglior cemento che possa coadiuvare la tenuta della struttura.\nSolo un\u2019installazione attenta, professionale, compiuta da tecnici qualificati e costantemente aggiornati su normative e materiali permette di raggiungere tale scopo.Gaia S.r.l. \u00e8 da sempre sostenitrici di questa filosofia ed \u00e8 impegnata da oltre quattro lustri in questo senso.\t\t\t\t\t<\/p>\n\t\t\t\t\n\t\t\t\t\n\t\t\t\t            \t\t<\/div>\n\t\t\t\t\n\t\t\t\t\t\t\t\t\t\t\t\t \t\t\t    <\/div>\t \n\t\t        \n\n\t\t\t\t\t\t<\/div>\n\t\t\t\t<\/div>\n\t\t\t\t<div class=\"elementor-element elementor-element-0b738a0 elementor-widget elementor-widget-auntri_elementor_ova_icon_box\" data-id=\"0b738a0\" data-element_type=\"widget\" data-widget_type=\"auntri_elementor_ova_icon_box.default\">\n\t\t\t\t<div class=\"elementor-widget-container\">\n\t\t\t\t\t            \n\t\t\t\n\t \t    <div class=\"ova-icon-box ova-icon-box-template3 \">\n\n\t \t    \t\n                \n\t            \n\t\t\t\t\t            \t<div class=\"icon\">\n\t            \t\t\t            \t\t\t<div class=\"text-number\">\n\t\t\t\t\t\t\t    03\t\t\t            \t<\/div>\n\t            \t\t\n\t            \t\t<i aria-hidden=\"true\" class=\"flaticon flaticon-helmet\"><\/i>\t            \t<\/div>\n\t            \t<div class=\"box-title-desc\">\n\t            \n\t            \n            \t\n\t            \t\t            \t\t\t\t\t\t<h4 class=\"title\">\n\t\t\t\t\t\t\tManutenzione\t\t\t\t\t\t<\/h4>\n\t\t\t\t\t\t\t\t\t\n\t\t\t\t\t\t\t\t\t<p class=\"description\">\n\t\t\t\t\t\t\nUn impianto ben progettato ed installato sono gli obiettivi di ogni committente e della nostra Societ\u00e0, ma nulla \u00e8 eterno e solo un\u2019attenta e puntuale manutenzione possono garantire ad ogni struttura la miglior longevit\u00e0. Che sia manutenzione preventiva, conservativa o riparazione in genere la Societ\u00e0 \u00e8 in grado di intervenire sempre tempestivamente e risolutivamente, anche con servizio H24.\nUna corretta manutenzione permette di allungare la vita di qualsiasi impianto, massimizzandone il rapporto tra investimento e rendita : contattateci per ogni esigenza!\t\t\t\t\t<\/p>\n\t\t\t\t\n\t\t\t\t\n\t\t\t\t            \t\t<\/div>\n\t\t\t\t\n\t\t\t\t\t\t\t\t\t\t\t\t \t\t\t    <\/div>\t \n\t\t        \n\n\t\t\t\t\t\t<\/div>\n\t\t\t\t<\/div>\n\t\t\t\t\t<\/div>\n\t\t<\/div>\n\t\t\t\t\t<\/div>\n\t\t<\/section>\n\t\t\t\t<section class=\"elementor-section elementor-top-section elementor-element elementor-element-b32055f elementor-section-full_width elementor-section-height-default elementor-section-height-default\" data-id=\"b32055f\" data-element_type=\"section\">\n\t\t\t\t\t\t<div class=\"elementor-container elementor-column-gap-no\">\n\t\t\t\t\t<div class=\"elementor-column elementor-col-100 elementor-top-column elementor-element elementor-element-f6628e3\" data-id=\"f6628e3\" data-element_type=\"column\">\n\t\t\t<div class=\"elementor-widget-wrap elementor-element-populated\">\n\t\t\t\t\t\t<div class=\"elementor-element elementor-element-1f0e40a elementor-widget elementor-widget-image\" data-id=\"1f0e40a\" data-element_type=\"widget\" data-widget_type=\"image.default\">\n\t\t\t\t<div class=\"elementor-widget-container\">\n\t\t\t\t\t\t\t\t\t\t\t\t\t\t\t<img fetchpriority=\"high\" decoding=\"async\" width=\"1920\" height=\"960\" src=\"https:\/\/gaiatreviso.it\/it\/wp-content\/uploads\/2023\/01\/smoke-detector-and-small-house-on-blueprint-drawin-2022-12-16-12-23-56-utc.jpg\" class=\"attachment-full size-full wp-image-8692\" alt=\"\" srcset=\"https:\/\/gaiatreviso.it\/it\/wp-content\/uploads\/2023\/01\/smoke-detector-and-small-house-on-blueprint-drawin-2022-12-16-12-23-56-utc.jpg 1920w, https:\/\/gaiatreviso.it\/it\/wp-content\/uploads\/2023\/01\/smoke-detector-and-small-house-on-blueprint-drawin-2022-12-16-12-23-56-utc-300x150.jpg 300w, https:\/\/gaiatreviso.it\/it\/wp-content\/uploads\/2023\/01\/smoke-detector-and-small-house-on-blueprint-drawin-2022-12-16-12-23-56-utc-1024x512.jpg 1024w, https:\/\/gaiatreviso.it\/it\/wp-content\/uploads\/2023\/01\/smoke-detector-and-small-house-on-blueprint-drawin-2022-12-16-12-23-56-utc-768x384.jpg 768w, https:\/\/gaiatreviso.it\/it\/wp-content\/uploads\/2023\/01\/smoke-detector-and-small-house-on-blueprint-drawin-2022-12-16-12-23-56-utc-1536x768.jpg 1536w\" sizes=\"(max-width: 1920px) 100vw, 1920px\" \/>\t\t\t\t\t\t\t\t\t\t\t\t\t\t\t<\/div>\n\t\t\t\t<\/div>\n\t\t\t\t\t<\/div>\n\t\t<\/div>\n\t\t\t\t\t<\/div>\n\t\t<\/section>\n\t\t\t\t<\/div>\n\t\t","protected":false},"excerpt":{"rendered":"<p>Un modello operativo semplice ed efficace Un servizio completo in 3 fasi La Societ\u00e0 \u00e8 in grado di realizzare non solo la fornitura ed installazione di ogni tipologia di impianto elettrico ma garantisce anche un servizio propedeutico di progettazione e attivando, ad opera compiuta, i necessari step di manutenzione post-installazione : una copertura a 360 [&hellip;]<\/p>\n","protected":false},"author":1,"featured_media":0,"parent":0,"menu_order":0,"comment_status":"closed","ping_status":"closed","template":"elementor_header_footer","meta":{"footnotes":""},"class_list":["post-8610","page","type-page","status-publish","hentry"],"yoast_head":"<!-- This site is optimized with the Yoast SEO plugin v25.3.1 - https:\/\/yoast.com\/wordpress\/plugins\/seo\/ -->\n<title>Servizi - \u00a9 Gaia S.r.l. - Impianti elettrici civili ed industriali -<\/title>\n<meta name=\"robots\" content=\"index, follow, max-snippet:-1, max-image-preview:large, max-video-preview:-1\" \/>\n<link rel=\"canonical\" href=\"https:\/\/gaiatreviso.it\/it\/servizi\/\" \/>\n<meta property=\"og:locale\" content=\"it_IT\" \/>\n<meta property=\"og:type\" content=\"article\" \/>\n<meta property=\"og:title\" content=\"Servizi - \u00a9 Gaia S.r.l. - Impianti elettrici civili ed industriali -\" \/>\n<meta property=\"og:description\" content=\"Un modello operativo semplice ed efficace Un servizio completo in 3 fasi La Societ\u00e0 \u00e8 in grado di realizzare non solo la fornitura ed installazione di ogni tipologia di impianto elettrico ma garantisce anche un servizio propedeutico di progettazione e attivando, ad opera compiuta, i necessari step di manutenzione post-installazione : una copertura a 360 [&hellip;]\" \/>\n<meta property=\"og:url\" content=\"https:\/\/gaiatreviso.it\/it\/servizi\/\" \/>\n<meta property=\"og:site_name\" content=\"\u00a9 Gaia S.r.l. - Impianti elettrici civili ed industriali -\" \/>\n<meta property=\"article:modified_time\" content=\"2023-01-21T17:12:16+00:00\" \/>\n<meta property=\"og:image\" content=\"https:\/\/gaiatreviso.it\/it\/wp-content\/uploads\/2023\/01\/smoke-detector-and-small-house-on-blueprint-drawin-2022-12-16-12-23-56-utc.jpg\" \/>\n<meta name=\"twitter:card\" content=\"summary_large_image\" \/>\n<meta name=\"twitter:label1\" content=\"Tempo di lettura stimato\" \/>\n\t<meta name=\"twitter:data1\" content=\"1 minuto\" \/>\n<script type=\"application\/ld+json\" class=\"yoast-schema-graph\">{\"@context\":\"https:\/\/schema.org\",\"@graph\":[{\"@type\":\"WebPage\",\"@id\":\"https:\/\/gaiatreviso.it\/it\/servizi\/\",\"url\":\"https:\/\/gaiatreviso.it\/it\/servizi\/\",\"name\":\"Servizi - \u00a9 Gaia S.r.l. - Impianti elettrici civili ed industriali -\",\"isPartOf\":{\"@id\":\"https:\/\/gaiatreviso.it\/it\/#website\"},\"primaryImageOfPage\":{\"@id\":\"https:\/\/gaiatreviso.it\/it\/servizi\/#primaryimage\"},\"image\":{\"@id\":\"https:\/\/gaiatreviso.it\/it\/servizi\/#primaryimage\"},\"thumbnailUrl\":\"https:\/\/gaiatreviso.it\/it\/wp-content\/uploads\/2023\/01\/smoke-detector-and-small-house-on-blueprint-drawin-2022-12-16-12-23-56-utc.jpg\",\"datePublished\":\"2023-01-20T18:03:57+00:00\",\"dateModified\":\"2023-01-21T17:12:16+00:00\",\"breadcrumb\":{\"@id\":\"https:\/\/gaiatreviso.it\/it\/servizi\/#breadcrumb\"},\"inLanguage\":\"it-IT\",\"potentialAction\":[{\"@type\":\"ReadAction\",\"target\":[\"https:\/\/gaiatreviso.it\/it\/servizi\/\"]}]},{\"@type\":\"ImageObject\",\"inLanguage\":\"it-IT\",\"@id\":\"https:\/\/gaiatreviso.it\/it\/servizi\/#primaryimage\",\"url\":\"https:\/\/gaiatreviso.it\/it\/wp-content\/uploads\/2023\/01\/smoke-detector-and-small-house-on-blueprint-drawin-2022-12-16-12-23-56-utc.jpg\",\"contentUrl\":\"https:\/\/gaiatreviso.it\/it\/wp-content\/uploads\/2023\/01\/smoke-detector-and-small-house-on-blueprint-drawin-2022-12-16-12-23-56-utc.jpg\",\"width\":1920,\"height\":960,\"caption\":\"Fire safety system, home emergency evacuation. Smoke detector and small house on blueprint drawing background. Domestic fire protection. 3d illustration\"},{\"@type\":\"BreadcrumbList\",\"@id\":\"https:\/\/gaiatreviso.it\/it\/servizi\/#breadcrumb\",\"itemListElement\":[{\"@type\":\"ListItem\",\"position\":1,\"name\":\"Home\",\"item\":\"https:\/\/gaiatreviso.it\/it\/\"},{\"@type\":\"ListItem\",\"position\":2,\"name\":\"Servizi\"}]},{\"@type\":\"WebSite\",\"@id\":\"https:\/\/gaiatreviso.it\/it\/#website\",\"url\":\"https:\/\/gaiatreviso.it\/it\/\",\"name\":\"\u00a9 Gaia S.r.l. - Impianti elettrici civili ed industriali -\",\"description\":\"\",\"publisher\":{\"@id\":\"https:\/\/gaiatreviso.it\/it\/#organization\"},\"potentialAction\":[{\"@type\":\"SearchAction\",\"target\":{\"@type\":\"EntryPoint\",\"urlTemplate\":\"https:\/\/gaiatreviso.it\/it\/?s={search_term_string}\"},\"query-input\":{\"@type\":\"PropertyValueSpecification\",\"valueRequired\":true,\"valueName\":\"search_term_string\"}}],\"inLanguage\":\"it-IT\"},{\"@type\":\"Organization\",\"@id\":\"https:\/\/gaiatreviso.it\/it\/#organization\",\"name\":\"Gaia S.r.l.\",\"url\":\"https:\/\/gaiatreviso.it\/it\/\",\"logo\":{\"@type\":\"ImageObject\",\"inLanguage\":\"it-IT\",\"@id\":\"https:\/\/gaiatreviso.it\/it\/#\/schema\/logo\/image\/\",\"url\":\"https:\/\/gaiatreviso.it\/it\/wp-content\/uploads\/2023\/01\/400JpgdpiLogoCropped.jpg\",\"contentUrl\":\"https:\/\/gaiatreviso.it\/it\/wp-content\/uploads\/2023\/01\/400JpgdpiLogoCropped.jpg\",\"width\":1105,\"height\":482,\"caption\":\"Gaia S.r.l.\"},\"image\":{\"@id\":\"https:\/\/gaiatreviso.it\/it\/#\/schema\/logo\/image\/\"}}]}<\/script>\n<!-- \/ Yoast SEO plugin. -->","yoast_head_json":{"title":"Servizi - \u00a9 Gaia S.r.l. - Impianti elettrici civili ed industriali -","robots":{"index":"index","follow":"follow","max-snippet":"max-snippet:-1","max-image-preview":"max-image-preview:large","max-video-preview":"max-video-preview:-1"},"canonical":"https:\/\/gaiatreviso.it\/it\/servizi\/","og_locale":"it_IT","og_type":"article","og_title":"Servizi - \u00a9 Gaia S.r.l. - Impianti elettrici civili ed industriali -","og_description":"Un modello operativo semplice ed efficace Un servizio completo in 3 fasi La Societ\u00e0 \u00e8 in grado di realizzare non solo la fornitura ed installazione di ogni tipologia di impianto elettrico ma garantisce anche un servizio propedeutico di progettazione e attivando, ad opera compiuta, i necessari step di manutenzione post-installazione : una copertura a 360 [&hellip;]","og_url":"https:\/\/gaiatreviso.it\/it\/servizi\/","og_site_name":"\u00a9 Gaia S.r.l. - Impianti elettrici civili ed industriali -","article_modified_time":"2023-01-21T17:12:16+00:00","og_image":[{"url":"https:\/\/gaiatreviso.it\/it\/wp-content\/uploads\/2023\/01\/smoke-detector-and-small-house-on-blueprint-drawin-2022-12-16-12-23-56-utc.jpg","type":"","width":"","height":""}],"twitter_card":"summary_large_image","twitter_misc":{"Tempo di lettura stimato":"1 minuto"},"schema":{"@context":"https:\/\/schema.org","@graph":[{"@type":"WebPage","@id":"https:\/\/gaiatreviso.it\/it\/servizi\/","url":"https:\/\/gaiatreviso.it\/it\/servizi\/","name":"Servizi - \u00a9 Gaia S.r.l. - Impianti elettrici civili ed industriali -","isPartOf":{"@id":"https:\/\/gaiatreviso.it\/it\/#website"},"primaryImageOfPage":{"@id":"https:\/\/gaiatreviso.it\/it\/servizi\/#primaryimage"},"image":{"@id":"https:\/\/gaiatreviso.it\/it\/servizi\/#primaryimage"},"thumbnailUrl":"https:\/\/gaiatreviso.it\/it\/wp-content\/uploads\/2023\/01\/smoke-detector-and-small-house-on-blueprint-drawin-2022-12-16-12-23-56-utc.jpg","datePublished":"2023-01-20T18:03:57+00:00","dateModified":"2023-01-21T17:12:16+00:00","breadcrumb":{"@id":"https:\/\/gaiatreviso.it\/it\/servizi\/#breadcrumb"},"inLanguage":"it-IT","potentialAction":[{"@type":"ReadAction","target":["https:\/\/gaiatreviso.it\/it\/servizi\/"]}]},{"@type":"ImageObject","inLanguage":"it-IT","@id":"https:\/\/gaiatreviso.it\/it\/servizi\/#primaryimage","url":"https:\/\/gaiatreviso.it\/it\/wp-content\/uploads\/2023\/01\/smoke-detector-and-small-house-on-blueprint-drawin-2022-12-16-12-23-56-utc.jpg","contentUrl":"https:\/\/gaiatreviso.it\/it\/wp-content\/uploads\/2023\/01\/smoke-detector-and-small-house-on-blueprint-drawin-2022-12-16-12-23-56-utc.jpg","width":1920,"height":960,"caption":"Fire safety system, home emergency evacuation. Smoke detector and small house on blueprint drawing background. Domestic fire protection. 3d illustration"},{"@type":"BreadcrumbList","@id":"https:\/\/gaiatreviso.it\/it\/servizi\/#breadcrumb","itemListElement":[{"@type":"ListItem","position":1,"name":"Home","item":"https:\/\/gaiatreviso.it\/it\/"},{"@type":"ListItem","position":2,"name":"Servizi"}]},{"@type":"WebSite","@id":"https:\/\/gaiatreviso.it\/it\/#website","url":"https:\/\/gaiatreviso.it\/it\/","name":"\u00a9 Gaia S.r.l. - Impianti elettrici civili ed industriali -","description":"","publisher":{"@id":"https:\/\/gaiatreviso.it\/it\/#organization"},"potentialAction":[{"@type":"SearchAction","target":{"@type":"EntryPoint","urlTemplate":"https:\/\/gaiatreviso.it\/it\/?s={search_term_string}"},"query-input":{"@type":"PropertyValueSpecification","valueRequired":true,"valueName":"search_term_string"}}],"inLanguage":"it-IT"},{"@type":"Organization","@id":"https:\/\/gaiatreviso.it\/it\/#organization","name":"Gaia S.r.l.","url":"https:\/\/gaiatreviso.it\/it\/","logo":{"@type":"ImageObject","inLanguage":"it-IT","@id":"https:\/\/gaiatreviso.it\/it\/#\/schema\/logo\/image\/","url":"https:\/\/gaiatreviso.it\/it\/wp-content\/uploads\/2023\/01\/400JpgdpiLogoCropped.jpg","contentUrl":"https:\/\/gaiatreviso.it\/it\/wp-content\/uploads\/2023\/01\/400JpgdpiLogoCropped.jpg","width":1105,"height":482,"caption":"Gaia S.r.l."},"image":{"@id":"https:\/\/gaiatreviso.it\/it\/#\/schema\/logo\/image\/"}}]}},"_links":{"self":[{"href":"https:\/\/gaiatreviso.it\/it\/wp-json\/wp\/v2\/pages\/8610","targetHints":{"allow":["GET"]}}],"collection":[{"href":"https:\/\/gaiatreviso.it\/it\/wp-json\/wp\/v2\/pages"}],"about":[{"href":"https:\/\/gaiatreviso.it\/it\/wp-json\/wp\/v2\/types\/page"}],"author":[{"embeddable":true,"href":"https:\/\/gaiatreviso.it\/it\/wp-json\/wp\/v2\/users\/1"}],"replies":[{"embeddable":true,"href":"https:\/\/gaiatreviso.it\/it\/wp-json\/wp\/v2\/comments?post=8610"}],"version-history":[{"count":11,"href":"https:\/\/gaiatreviso.it\/it\/wp-json\/wp\/v2\/pages\/8610\/revisions"}],"predecessor-version":[{"id":8703,"href":"https:\/\/gaiatreviso.it\/it\/wp-json\/wp\/v2\/pages\/8610\/revisions\/8703"}],"wp:attachment":[{"href":"https:\/\/gaiatreviso.it\/it\/wp-json\/wp\/v2\/media?parent=8610"}],"curies":[{"name":"wp","href":"https:\/\/api.w.org\/{rel}","templated":true}]}}